{"id":289,"date":"2018-06-07T10:51:56","date_gmt":"2018-06-07T10:51:56","guid":{"rendered":"https:\/\/envothemes.com\/envo-multipurpose-kingcomposer\/business-free-1\/"},"modified":"2019-02-04T21:03:35","modified_gmt":"2019-02-04T21:03:35","slug":"michelle","status":"publish","type":"page","link":"http:\/\/goldengel.ch\/love\/michelle\/","title":{"rendered":"Mischla alias Michelle"},"content":{"rendered":"<p>Weiss was sie will, ist zielstrebig und liebt ihre Familie. Ber\u00fchmt und reich zu sein w\u00e4re sch\u00f6n, aber sie strebt nicht danach.<\/p>\n<p><img loading=\"lazy\" class=\"alignnone size-medium wp-image-358\" src=\"http:\/\/goldengel.ch\/love\/wp-content\/uploads\/2019\/02\/Michelle-Engel-300x146.jpg\" alt=\"\" width=\"300\" height=\"146\" srcset=\"http:\/\/goldengel.ch\/love\/wp-content\/uploads\/2019\/02\/Michelle-Engel-300x146.jpg 300w, http:\/\/goldengel.ch\/love\/wp-content\/uploads\/2019\/02\/Michelle-Engel-768x373.jpg 768w, http:\/\/goldengel.ch\/love\/wp-content\/uploads\/2019\/02\/Michelle-Engel.jpg 1008w\" sizes=\"(max-width: 300px) 100vw, 300px\" \/><\/p>\n<p><code>[tribulant_slideshow gallery_id=1]<\/code><\/p>\n","protected":false},"excerpt":{"rendered":"<p>Weiss was sie will, ist zielstrebig und liebt ihre Familie. Ber\u00fchmt und reich zu sein w\u00e4re sch\u00f6n, aber sie strebt&hellip;<\/p>\n","protected":false},"author":1,"featured_media":358,"parent":0,"menu_order":0,"comment_status":"closed","ping_status":"closed","template":"","meta":{"spay_email":""},"yoast_head":"<!-- This site is optimized with the Yoast SEO plugin v16.0.2 - https:\/\/yoast.com\/wordpress\/plugins\/seo\/ -->\r\n<title>Mischla alias Michelle - Goldengel<\/title>\r\n<link rel=\"canonical\" href=\"http:\/\/goldengel.ch\/love\/michelle\/\" \/>\r\n<meta property=\"og:locale\" content=\"de_DE\" \/>\r\n<meta property=\"og:type\" content=\"article\" \/>\r\n<meta property=\"og:title\" content=\"Mischla alias Michelle - Goldengel\" \/>\r\n<meta property=\"og:description\" content=\"Weiss was sie will, ist zielstrebig und liebt ihre Familie. Ber\u00fchmt und reich zu sein w\u00e4re sch\u00f6n, aber sie strebt&hellip;\" \/>\r\n<meta property=\"og:url\" content=\"http:\/\/goldengel.ch\/love\/michelle\/\" \/>\r\n<meta property=\"og:site_name\" content=\"Goldengel\" \/>\r\n<meta property=\"article:modified_time\" content=\"2019-02-04T21:03:35+00:00\" \/>\r\n<meta property=\"og:image\" content=\"http:\/\/goldengel.ch\/love\/wp-content\/uploads\/2019\/02\/Michelle-Engel.jpg\" \/>\r\n\t<meta property=\"og:image:width\" content=\"1008\" \/>\r\n\t<meta property=\"og:image:height\" content=\"490\" \/>\r\n<meta name=\"twitter:card\" content=\"summary_large_image\" \/>\r\n<script type=\"application\/ld+json\" class=\"yoast-schema-graph\">{\"@context\":\"https:\/\/schema.org\",\"@graph\":[{\"@type\":\"WebSite\",\"@id\":\"https:\/\/goldengel.ch\/love\/#website\",\"url\":\"https:\/\/goldengel.ch\/love\/\",\"name\":\"Goldengel\",\"description\":\"Familie, Liebe, Technik\",\"potentialAction\":[{\"@type\":\"SearchAction\",\"target\":\"https:\/\/goldengel.ch\/love\/?s={search_term_string}\",\"query-input\":\"required name=search_term_string\"}],\"inLanguage\":\"de\"},{\"@type\":\"ImageObject\",\"@id\":\"http:\/\/goldengel.ch\/love\/michelle\/#primaryimage\",\"inLanguage\":\"de\",\"url\":\"http:\/\/goldengel.ch\/love\/wp-content\/uploads\/2019\/02\/Michelle-Engel.jpg\",\"width\":1008,\"height\":490},{\"@type\":\"WebPage\",\"@id\":\"http:\/\/goldengel.ch\/love\/michelle\/#webpage\",\"url\":\"http:\/\/goldengel.ch\/love\/michelle\/\",\"name\":\"Mischla alias Michelle - Goldengel\",\"isPartOf\":{\"@id\":\"https:\/\/goldengel.ch\/love\/#website\"},\"primaryImageOfPage\":{\"@id\":\"http:\/\/goldengel.ch\/love\/michelle\/#primaryimage\"},\"datePublished\":\"2018-06-07T10:51:56+00:00\",\"dateModified\":\"2019-02-04T21:03:35+00:00\",\"breadcrumb\":{\"@id\":\"http:\/\/goldengel.ch\/love\/michelle\/#breadcrumb\"},\"inLanguage\":\"de\",\"potentialAction\":[{\"@type\":\"ReadAction\",\"target\":[\"http:\/\/goldengel.ch\/love\/michelle\/\"]}]},{\"@type\":\"BreadcrumbList\",\"@id\":\"http:\/\/goldengel.ch\/love\/michelle\/#breadcrumb\",\"itemListElement\":[{\"@type\":\"ListItem\",\"position\":1,\"item\":{\"@type\":\"WebPage\",\"@id\":\"https:\/\/goldengel.ch\/love\/\",\"url\":\"https:\/\/goldengel.ch\/love\/\",\"name\":\"Home\"}},{\"@type\":\"ListItem\",\"position\":2,\"item\":{\"@type\":\"WebPage\",\"@id\":\"http:\/\/goldengel.ch\/love\/michelle\/\",\"url\":\"http:\/\/goldengel.ch\/love\/michelle\/\",\"name\":\"Mischla alias Michelle\"}}]}]}<\/script>\r\n<!-- \/ Yoast SEO plugin. -->","jetpack_sharing_enabled":true,"jetpack_shortlink":"https:\/\/wp.me\/PaGTHp-4F","_links":{"self":[{"href":"http:\/\/goldengel.ch\/love\/wp-json\/wp\/v2\/pages\/289"}],"collection":[{"href":"http:\/\/goldengel.ch\/love\/wp-json\/wp\/v2\/pages"}],"about":[{"href":"http:\/\/goldengel.ch\/love\/wp-json\/wp\/v2\/types\/page"}],"author":[{"embeddable":true,"href":"http:\/\/goldengel.ch\/love\/wp-json\/wp\/v2\/users\/1"}],"replies":[{"embeddable":true,"href":"http:\/\/goldengel.ch\/love\/wp-json\/wp\/v2\/comments?post=289"}],"version-history":[{"count":4,"href":"http:\/\/goldengel.ch\/love\/wp-json\/wp\/v2\/pages\/289\/revisions"}],"predecessor-version":[{"id":510,"href":"http:\/\/goldengel.ch\/love\/wp-json\/wp\/v2\/pages\/289\/revisions\/510"}],"wp:featuredmedia":[{"embeddable":true,"href":"http:\/\/goldengel.ch\/love\/wp-json\/wp\/v2\/media\/358"}],"wp:attachment":[{"href":"http:\/\/goldengel.ch\/love\/wp-json\/wp\/v2\/media?parent=289"}],"curies":[{"name":"wp","href":"https:\/\/api.w.org\/{rel}","templated":true}]}}