{"id":148,"date":"2018-05-28T08:43:33","date_gmt":"2018-05-28T08:43:33","guid":{"rendered":"https:\/\/envothemes.com\/envo-multipurpose\/?page_id=148"},"modified":"2019-02-03T13:41:11","modified_gmt":"2019-02-03T13:41:11","slug":"homepage","status":"publish","type":"page","link":"http:\/\/goldengel.ch\/love\/","title":{"rendered":"Homepage"},"content":{"rendered":"\n<p>Goldengel ist der Spitzname meiner Frau. Es zeigt wie wertvoll Sie f\u00fcr mich ist und wie gl\u00fccklich ich bin mit ihr in einem Wort. Michelle hat mein Leben stark gepr\u00e4gt. Ich m\u00f6chte ihr gerne t\u00e4glich danken, dass Sie bei mir ist. Da ich Techniker bin finde ich leider nicht immer die richtigen Worte und gehe desshalb den Weg \u00fcber diese Homepage.<\/p>\n\n\n\n<figure class=\"wp-block-image\"><img loading=\"lazy\" width=\"768\" height=\"1024\" src=\"http:\/\/goldengel.ch\/love\/wp-content\/uploads\/2019\/02\/IMG_20180808_141716-2-768x1024.jpg\" alt=\"\" class=\"wp-image-385\" srcset=\"http:\/\/goldengel.ch\/love\/wp-content\/uploads\/2019\/02\/IMG_20180808_141716-2-768x1024.jpg 768w, http:\/\/goldengel.ch\/love\/wp-content\/uploads\/2019\/02\/IMG_20180808_141716-2-225x300.jpg 225w\" sizes=\"(max-width: 768px) 100vw, 768px\" \/><\/figure>\n\n\n\n<p><br><\/p>\n\n\n\n<p>In der Zwischezeit verbindet Goldengel Hobby und Freizeit mit Liebe und Gl\u00fcck! Ich w\u00fcnsche Euch viel Spass mit allem was ihr hier findet.<\/p>\n\n\n\n<figure class=\"wp-block-image\"><img loading=\"lazy\" width=\"1024\" height=\"768\" src=\"http:\/\/goldengel.ch\/love\/wp-content\/uploads\/2019\/02\/IMG_20180808_105924-1024x768.jpg\" alt=\"\" class=\"wp-image-383\" srcset=\"http:\/\/goldengel.ch\/love\/wp-content\/uploads\/2019\/02\/IMG_20180808_105924-1024x768.jpg 1024w, http:\/\/goldengel.ch\/love\/wp-content\/uploads\/2019\/02\/IMG_20180808_105924-300x225.jpg 300w, http:\/\/goldengel.ch\/love\/wp-content\/uploads\/2019\/02\/IMG_20180808_105924-768x576.jpg 768w, http:\/\/goldengel.ch\/love\/wp-content\/uploads\/2019\/02\/IMG_20180808_105924-160x120.jpg 160w\" sizes=\"(max-width: 1024px) 100vw, 1024px\" \/><figcaption><br><br><\/figcaption><\/figure>\n\n\n\n<figure class=\"wp-block-image\"><img loading=\"lazy\" width=\"1024\" height=\"768\" src=\"http:\/\/goldengel.ch\/love\/wp-content\/uploads\/2019\/02\/IMG_20180808_142100-1024x768.jpg\" alt=\"\" class=\"wp-image-382\" srcset=\"http:\/\/goldengel.ch\/love\/wp-content\/uploads\/2019\/02\/IMG_20180808_142100-1024x768.jpg 1024w, http:\/\/goldengel.ch\/love\/wp-content\/uploads\/2019\/02\/IMG_20180808_142100-300x225.jpg 300w, http:\/\/goldengel.ch\/love\/wp-content\/uploads\/2019\/02\/IMG_20180808_142100-768x576.jpg 768w, http:\/\/goldengel.ch\/love\/wp-content\/uploads\/2019\/02\/IMG_20180808_142100-160x120.jpg 160w\" sizes=\"(max-width: 1024px) 100vw, 1024px\" \/><\/figure>\n","protected":false},"excerpt":{"rendered":"<p>Goldengel ist der Spitzname meiner Frau. Es zeigt wie wertvoll Sie f\u00fcr mich ist und wie gl\u00fccklich ich bin mit&hellip;<\/p>\n","protected":false},"author":1,"featured_media":0,"parent":0,"menu_order":0,"comment_status":"closed","ping_status":"closed","template":"template-parts\/template-homepage.php","meta":{"spay_email":""},"yoast_head":"<!-- This site is optimized with the Yoast SEO plugin v16.0.2 - https:\/\/yoast.com\/wordpress\/plugins\/seo\/ -->\r\n<title>Homepage - Goldengel<\/title>\r\n<link rel=\"canonical\" href=\"http:\/\/goldengel.ch\/love\/\" \/>\r\n<meta property=\"og:locale\" content=\"de_DE\" \/>\r\n<meta property=\"og:type\" content=\"article\" \/>\r\n<meta property=\"og:title\" content=\"Homepage - Goldengel\" \/>\r\n<meta property=\"og:description\" content=\"Goldengel ist der Spitzname meiner Frau. Es zeigt wie wertvoll Sie f\u00fcr mich ist und wie gl\u00fccklich ich bin mit&hellip;\" \/>\r\n<meta property=\"og:url\" content=\"http:\/\/goldengel.ch\/love\/\" \/>\r\n<meta property=\"og:site_name\" content=\"Goldengel\" \/>\r\n<meta property=\"article:modified_time\" content=\"2019-02-03T13:41:11+00:00\" \/>\r\n<meta property=\"og:image\" content=\"http:\/\/goldengel.ch\/love\/wp-content\/uploads\/2019\/02\/IMG_20180808_141716-2-768x1024.jpg\" \/>\r\n<meta name=\"twitter:card\" content=\"summary_large_image\" \/>\r\n<script type=\"application\/ld+json\" class=\"yoast-schema-graph\">{\"@context\":\"https:\/\/schema.org\",\"@graph\":[{\"@type\":\"WebSite\",\"@id\":\"http:\/\/goldengel.ch\/love\/#website\",\"url\":\"http:\/\/goldengel.ch\/love\/\",\"name\":\"Goldengel\",\"description\":\"Familie, Liebe, Technik\",\"potentialAction\":[{\"@type\":\"SearchAction\",\"target\":\"http:\/\/goldengel.ch\/love\/?s={search_term_string}\",\"query-input\":\"required name=search_term_string\"}],\"inLanguage\":\"de\"},{\"@type\":\"ImageObject\",\"@id\":\"http:\/\/goldengel.ch\/love\/#primaryimage\",\"inLanguage\":\"de\",\"url\":\"http:\/\/goldengel.ch\/love\/wp-content\/uploads\/2019\/02\/IMG_20180808_141716-2.jpg\",\"width\":2448,\"height\":3264},{\"@type\":\"WebPage\",\"@id\":\"http:\/\/goldengel.ch\/love\/#webpage\",\"url\":\"http:\/\/goldengel.ch\/love\/\",\"name\":\"Homepage - Goldengel\",\"isPartOf\":{\"@id\":\"http:\/\/goldengel.ch\/love\/#website\"},\"primaryImageOfPage\":{\"@id\":\"http:\/\/goldengel.ch\/love\/#primaryimage\"},\"datePublished\":\"2018-05-28T08:43:33+00:00\",\"dateModified\":\"2019-02-03T13:41:11+00:00\",\"breadcrumb\":{\"@id\":\"http:\/\/goldengel.ch\/love\/#breadcrumb\"},\"inLanguage\":\"de\",\"potentialAction\":[{\"@type\":\"ReadAction\",\"target\":[\"http:\/\/goldengel.ch\/love\/\"]}]},{\"@type\":\"BreadcrumbList\",\"@id\":\"http:\/\/goldengel.ch\/love\/#breadcrumb\",\"itemListElement\":[{\"@type\":\"ListItem\",\"position\":1,\"item\":{\"@type\":\"WebPage\",\"@id\":\"http:\/\/goldengel.ch\/love\/\",\"url\":\"http:\/\/goldengel.ch\/love\/\",\"name\":\"Home\"}},{\"@type\":\"ListItem\",\"position\":2,\"item\":{\"@type\":\"WebPage\",\"@id\":\"http:\/\/goldengel.ch\/love\/\",\"url\":\"http:\/\/goldengel.ch\/love\/\",\"name\":\"Homepage\"}}]}]}<\/script>\r\n<!-- \/ Yoast SEO plugin. -->","jetpack_sharing_enabled":true,"jetpack_shortlink":"https:\/\/wp.me\/PaGTHp-2o","_links":{"self":[{"href":"http:\/\/goldengel.ch\/love\/wp-json\/wp\/v2\/pages\/148"}],"collection":[{"href":"http:\/\/goldengel.ch\/love\/wp-json\/wp\/v2\/pages"}],"about":[{"href":"http:\/\/goldengel.ch\/love\/wp-json\/wp\/v2\/types\/page"}],"author":[{"embeddable":true,"href":"http:\/\/goldengel.ch\/love\/wp-json\/wp\/v2\/users\/1"}],"replies":[{"embeddable":true,"href":"http:\/\/goldengel.ch\/love\/wp-json\/wp\/v2\/comments?post=148"}],"version-history":[{"count":2,"href":"http:\/\/goldengel.ch\/love\/wp-json\/wp\/v2\/pages\/148\/revisions"}],"predecessor-version":[{"id":387,"href":"http:\/\/goldengel.ch\/love\/wp-json\/wp\/v2\/pages\/148\/revisions\/387"}],"wp:attachment":[{"href":"http:\/\/goldengel.ch\/love\/wp-json\/wp\/v2\/media?parent=148"}],"curies":[{"name":"wp","href":"https:\/\/api.w.org\/{rel}","templated":true}]}}